{"id":116,"date":"2016-07-21T22:11:41","date_gmt":"2016-07-21T22:11:41","guid":{"rendered":"http:\/\/www.creationplus.de\/?page_id=116"},"modified":"2025-09-26T10:45:11","modified_gmt":"2025-09-26T10:45:11","slug":"anfahrt-mit-karte","status":"publish","type":"page","link":"https:\/\/www.creationplus.de\/?page_id=116","title":{"rendered":"Anfahrt"},"content":{"rendered":"\n<p><strong><span style=\"color: #999999;\">Hier\u00a0finden Sie eine Anfahrtbeschreibung zu unserem<\/span> <span style=\"color: #999999;\">Head-Office in Bonn:<\/span><\/strong><span style=\"color: #999999;\"><br><\/span><\/p>\n\n\n\n<figure class=\"wp-block-image size-full\"><img loading=\"lazy\" decoding=\"async\" width=\"2349\" height=\"1659\" src=\"http:\/\/www.creationplus.de\/wp-content\/uploads\/2025\/09\/Anfahrt-Buero-Bonn.png\" alt=\"\" class=\"wp-image-492\" style=\"object-fit:cover\" srcset=\"https:\/\/www.creationplus.de\/wp-content\/uploads\/2025\/09\/Anfahrt-Buero-Bonn.png 2349w, https:\/\/www.creationplus.de\/wp-content\/uploads\/2025\/09\/Anfahrt-Buero-Bonn-300x212.png 300w, https:\/\/www.creationplus.de\/wp-content\/uploads\/2025\/09\/Anfahrt-Buero-Bonn-1024x723.png 1024w, https:\/\/www.creationplus.de\/wp-content\/uploads\/2025\/09\/Anfahrt-Buero-Bonn-768x542.png 768w, https:\/\/www.creationplus.de\/wp-content\/uploads\/2025\/09\/Anfahrt-Buero-Bonn-1536x1085.png 1536w, https:\/\/www.creationplus.de\/wp-content\/uploads\/2025\/09\/Anfahrt-Buero-Bonn-210x148.png 210w, https:\/\/www.creationplus.de\/wp-content\/uploads\/2025\/09\/Anfahrt-Buero-Bonn-1960x1384.png 1960w\" sizes=\"auto, (max-width: 980px) 100vw, 980px\" \/><\/figure>\n\n\n\n<h1 class=\"wp-block-heading\"><span style=\"color: #0000ff;\"><mark style=\"background-color:rgba(0, 0, 0, 0)\" class=\"has-inline-color has-white-color\"> <small><a href=\"https:\/\/osm.org\/go\/0GIGOUPo\" target=\"_blank\" rel=\"noopener\" title=\"\">Gr\u00f6\u00dfere Karte anzeigen &#8230;<\/a><\/small><\/mark><\/span><\/h1>\n\n\n\n<h5 class=\"wp-block-heading\">Zieladresse f\u00fcrs Navi:<br>Gallusstrasse 53<br>D-53227 Bonn<\/h5>\n\n\n\n<p><\/p>\n","protected":false},"excerpt":{"rendered":"<p>Hier\u00a0finden Sie eine Anfahrtbeschreibung zu unserem Head-Office in Bonn: Gr\u00f6\u00dfere Karte anzeigen &#8230; Zieladresse f\u00fcrs Navi:Gallusstrasse 53D-53227 Bonn<\/p>\n","protected":false},"author":1,"featured_media":0,"parent":0,"menu_order":0,"comment_status":"closed","ping_status":"closed","template":"","meta":{"om_disable_all_campaigns":false,"_monsterinsights_skip_tracking":false,"_monsterinsights_sitenote_active":false,"_monsterinsights_sitenote_note":"","_monsterinsights_sitenote_category":0,"footnotes":""},"class_list":["post-116","page","type-page","status-publish","hentry"],"aioseo_notices":[],"_links":{"self":[{"href":"https:\/\/www.creationplus.de\/index.php?rest_route=\/wp\/v2\/pages\/116","targetHints":{"allow":["GET"]}}],"collection":[{"href":"https:\/\/www.creationplus.de\/index.php?rest_route=\/wp\/v2\/pages"}],"about":[{"href":"https:\/\/www.creationplus.de\/index.php?rest_route=\/wp\/v2\/types\/page"}],"author":[{"embeddable":true,"href":"https:\/\/www.creationplus.de\/index.php?rest_route=\/wp\/v2\/users\/1"}],"replies":[{"embeddable":true,"href":"https:\/\/www.creationplus.de\/index.php?rest_route=%2Fwp%2Fv2%2Fcomments&post=116"}],"version-history":[{"count":16,"href":"https:\/\/www.creationplus.de\/index.php?rest_route=\/wp\/v2\/pages\/116\/revisions"}],"predecessor-version":[{"id":499,"href":"https:\/\/www.creationplus.de\/index.php?rest_route=\/wp\/v2\/pages\/116\/revisions\/499"}],"wp:attachment":[{"href":"https:\/\/www.creationplus.de\/index.php?rest_route=%2Fwp%2Fv2%2Fmedia&parent=116"}],"curies":[{"name":"wp","href":"https:\/\/api.w.org\/{rel}","templated":true}]}}