{"id":184,"date":"2016-07-25T13:37:36","date_gmt":"2016-07-25T13:37:36","guid":{"rendered":"http:\/\/www.creationplus.de\/?page_id=184"},"modified":"2025-09-26T10:46:06","modified_gmt":"2025-09-26T10:46:06","slug":"massarbeit","status":"publish","type":"page","link":"https:\/\/www.creationplus.de\/?page_id=184","title":{"rendered":"Geschichten und Projekte nach Ma\u00df"},"content":{"rendered":"<h2><\/h2>\n<h2><span style=\"color: #ff0000;\"><img loading=\"lazy\" decoding=\"async\" class=\"wp-image-200 alignnone\" src=\"http:\/\/www.creationplus.de\/wp-content\/uploads\/2016\/07\/Logo_kleinfuer-Fliestext.png\" alt=\"Logo_kleinfuer Fliestext\" width=\"120\" height=\"37\" \/><\/span><span style=\"color: #999999;\">Was Sie erwarten k\u00f6nnen:<\/span><\/h2>\n<h3><\/h3>\n<ul>\n<li>\n<h3>Ein Team von Spezialisten f\u00fcr Bewegtbild-Projekte<\/h3>\n<\/li>\n<li>\n<h3>Produktion f\u00fcr TV\u00a0und digitale Distributionskan\u00e4le<\/h3>\n<\/li>\n<li>\n<h3>Entwicklung und Realisierung crossmedialer Formate<\/h3>\n<\/li>\n<li>\n<h3>Erstellung redaktioneller Inhalte f\u00fcr Redaktionen, Agenturen und Unternehmen<\/h3>\n<\/li>\n<li>\n<h3>Dokumentation ihrer Events<\/h3>\n<\/li>\n<li>\n<h3>Unterst\u00fctzung unternehmensinterner Kommunikation<\/h3>\n<\/li>\n<\/ul>\n","protected":false},"excerpt":{"rendered":"<p>Was Sie erwarten k\u00f6nnen: Ein Team von Spezialisten f\u00fcr Bewegtbild-Projekte Produktion f\u00fcr TV\u00a0und digitale Distributionskan\u00e4le Entwicklung und Realisierung crossmedialer Formate Erstellung redaktioneller Inhalte f\u00fcr Redaktionen, Agenturen und Unternehmen Dokumentation ihrer Events Unterst\u00fctzung unternehmensinterner Kommunikation<\/p>\n","protected":false},"author":1,"featured_media":0,"parent":0,"menu_order":0,"comment_status":"closed","ping_status":"closed","template":"","meta":{"om_disable_all_campaigns":false,"_monsterinsights_skip_tracking":false,"_monsterinsights_sitenote_active":false,"_monsterinsights_sitenote_note":"","_monsterinsights_sitenote_category":0,"footnotes":""},"class_list":["post-184","page","type-page","status-publish","hentry"],"aioseo_notices":[],"_links":{"self":[{"href":"https:\/\/www.creationplus.de\/index.php?rest_route=\/wp\/v2\/pages\/184","targetHints":{"allow":["GET"]}}],"collection":[{"href":"https:\/\/www.creationplus.de\/index.php?rest_route=\/wp\/v2\/pages"}],"about":[{"href":"https:\/\/www.creationplus.de\/index.php?rest_route=\/wp\/v2\/types\/page"}],"author":[{"embeddable":true,"href":"https:\/\/www.creationplus.de\/index.php?rest_route=\/wp\/v2\/users\/1"}],"replies":[{"embeddable":true,"href":"https:\/\/www.creationplus.de\/index.php?rest_route=%2Fwp%2Fv2%2Fcomments&post=184"}],"version-history":[{"count":14,"href":"https:\/\/www.creationplus.de\/index.php?rest_route=\/wp\/v2\/pages\/184\/revisions"}],"predecessor-version":[{"id":501,"href":"https:\/\/www.creationplus.de\/index.php?rest_route=\/wp\/v2\/pages\/184\/revisions\/501"}],"wp:attachment":[{"href":"https:\/\/www.creationplus.de\/index.php?rest_route=%2Fwp%2Fv2%2Fmedia&parent=184"}],"curies":[{"name":"wp","href":"https:\/\/api.w.org\/{rel}","templated":true}]}}