{"id":216,"date":"2016-07-25T14:42:22","date_gmt":"2016-07-25T14:42:22","guid":{"rendered":"http:\/\/www.creationplus.de\/?page_id=216"},"modified":"2016-07-26T17:44:55","modified_gmt":"2016-07-26T17:44:55","slug":"marketing-vertieb-kommunikation","status":"publish","type":"page","link":"https:\/\/www.creationplus.de\/?page_id=216","title":{"rendered":"Marketing | Vertrieb | Kommunikation |"},"content":{"rendered":"<h3><span style=\"color: #999999;\">Gleich, vor welcher Herausforderung Sie<\/span><br \/>\n<span style=\"color: #999999;\"> in Ihrem Unternehmen stehen, wir bieten<\/span><br \/>\n<span style=\"color: #999999;\"> Ihnen passende, zielf\u00fchrende L\u00f6sungen.<\/span><\/h3>\n<h4><span style=\"color: #999999;\">W\u00e4hlen Sie aus unserem Portfolio einfach die<\/span><br \/>\n<span style=\"color: #999999;\"> <strong>richtige L\u00f6sung f\u00fcr Ihre Aufgabe<\/strong>.<\/span><\/h4>\n<h4><span style=\"color: #999999;\">Unser Expertenteam<strong> ber\u00e4t <\/strong>Sie gern \u2013<\/span><br \/>\n<span style=\"color: #999999;\"> und das pers\u00f6nlich und unverbindlich.<\/span><\/h4>\n<h4><span style=\"color: #999999;\">Erst im zweiten Schritt erstellen wir f\u00fcr Sie ein<\/span><br \/>\n<span style=\"color: #999999;\"> <strong>individuelles Konzept<\/strong>, eine Handlungsstrategie,<\/span><br \/>\n<span style=\"color: #999999;\"> die wir mit Ihnen gemeinsam umsetzen und<\/span><br \/>\n<span style=\"color: #999999;\"> deren Kosten Sie von Anfang an kennen.<\/span><\/h4>\n","protected":false},"excerpt":{"rendered":"<p>Gleich, vor welcher Herausforderung Sie in Ihrem Unternehmen stehen, wir bieten Ihnen passende, zielf\u00fchrende L\u00f6sungen. W\u00e4hlen Sie aus unserem Portfolio einfach die richtige L\u00f6sung f\u00fcr Ihre Aufgabe. Unser Expertenteam ber\u00e4t Sie gern \u2013 und das pers\u00f6nlich und unverbindlich. Erst im zweiten Schritt erstellen wir f\u00fcr Sie ein individuelles Konzept, eine Handlungsstrategie, die wir mit Ihnen [&hellip;]<\/p>\n","protected":false},"author":1,"featured_media":0,"parent":0,"menu_order":0,"comment_status":"closed","ping_status":"closed","template":"","meta":{"om_disable_all_campaigns":false,"_monsterinsights_skip_tracking":false,"_monsterinsights_sitenote_active":false,"_monsterinsights_sitenote_note":"","_monsterinsights_sitenote_category":0,"footnotes":""},"class_list":["post-216","page","type-page","status-publish","hentry"],"aioseo_notices":[],"_links":{"self":[{"href":"https:\/\/www.creationplus.de\/index.php?rest_route=\/wp\/v2\/pages\/216","targetHints":{"allow":["GET"]}}],"collection":[{"href":"https:\/\/www.creationplus.de\/index.php?rest_route=\/wp\/v2\/pages"}],"about":[{"href":"https:\/\/www.creationplus.de\/index.php?rest_route=\/wp\/v2\/types\/page"}],"author":[{"embeddable":true,"href":"https:\/\/www.creationplus.de\/index.php?rest_route=\/wp\/v2\/users\/1"}],"replies":[{"embeddable":true,"href":"https:\/\/www.creationplus.de\/index.php?rest_route=%2Fwp%2Fv2%2Fcomments&post=216"}],"version-history":[{"count":6,"href":"https:\/\/www.creationplus.de\/index.php?rest_route=\/wp\/v2\/pages\/216\/revisions"}],"predecessor-version":[{"id":295,"href":"https:\/\/www.creationplus.de\/index.php?rest_route=\/wp\/v2\/pages\/216\/revisions\/295"}],"wp:attachment":[{"href":"https:\/\/www.creationplus.de\/index.php?rest_route=%2Fwp%2Fv2%2Fmedia&parent=216"}],"curies":[{"name":"wp","href":"https:\/\/api.w.org\/{rel}","templated":true}]}}