{"id":242,"date":"2016-07-25T16:27:52","date_gmt":"2016-07-25T16:27:52","guid":{"rendered":"http:\/\/www.creationplus.de\/?page_id=242"},"modified":"2020-07-13T20:14:52","modified_gmt":"2020-07-13T20:14:52","slug":"training","status":"publish","type":"page","link":"https:\/\/www.creationplus.de\/?page_id=242","title":{"rendered":"Training"},"content":{"rendered":"<ul>\n<li>\n<h3><span style=\"color: #999999;\">Sie m\u00f6chten sich oder ihre Mitarbeiter schulen?<\/span><\/h3>\n<\/li>\n<li>\n<h3><span style=\"color: #999999;\">Sie sind interessiert daran, Medien inhouse zu erstellen?<\/span><\/h3>\n<\/li>\n<li>\n<h3><span style=\"color: #999999;\">Sie suchen einen Einstieg in die Welt hinter der Kamera?<\/span><\/h3>\n<\/li>\n<li>\n<h3><span style=\"color: #999999;\">Sie w\u00fcrden gerne ihre eigene Webseite erstellen?<\/span><\/h3>\n<\/li>\n<li>\n<h3><span style=\"color: #999999;\">Sie w\u00fcssten gerne wie man Filme schneidet und ver\u00f6ffentlicht?<\/span><\/h3>\n<p>&nbsp;<\/li>\n<\/ul>\n<h2><span style=\"color: #ffffff;\"><strong>Unser Ansatz:<\/strong><\/span><\/h2>\n<h3><span style=\"color: #999999;\">Betriebliche Schulungen in Gruppen oder im Einzeltraining.<\/span><br \/>\n<span style=\"color: #999999;\"> Wir schulen Sie und ihre Mitarbeiter vor Ort, in ihrem Betrieb.<\/span><\/h3>\n<p>&nbsp;<\/p>\n<p>&nbsp;<\/p>\n<h2><span style=\"color: #ffffff;\"><strong>W\u00e4hlen Sie hier das passende Themenangebot:<\/strong><\/span><\/h2>\n<ul>\n<li>\n<h3><span style=\"color: #999999;\">Filme erstellen mit der Spiegelreflex-Kamera<\/span><\/h3>\n<\/li>\n<li>\n<h3><span style=\"color: #999999;\">Filmschnitt f\u00fcr Fotografen<\/span><\/h3>\n<\/li>\n<li>\n<h3><span style=\"color: #999999;\">Software-Schulungen mit Praxisschwerpunkt<\/span><\/h3>\n<ul>\n<li>\n<h3><span style=\"color: #999999;\">Photoshop Adobe\u00ae<\/span><\/h3>\n<\/li>\n<li>\n<h3><span style=\"color: #999999;\">Premiere Pro Adobe\u00ae<\/span><\/h3>\n<\/li>\n<li>\n<h3><span style=\"color: #999999;\">After Effects Adobe\u00ae<\/span><\/h3>\n<\/li>\n<li>\n<h3><span style=\"color: #999999;\">Avid\u00ae Media Composer<\/span><\/h3>\n<\/li>\n<li>\n<h3><span style=\"color: #999999;\">Avid\u00ae Protools<\/span><\/h3>\n<\/li>\n<li>\n<h3><span style=\"color: #999999;\">Final cut\u00ae<\/span><\/h3>\n<\/li>\n<li>\n<h3><span style=\"color: #999999;\">iMovie\u00ae<\/span><\/h3>\n<\/li>\n<li>\n<h3><span style=\"color: #999999;\">Webdesign mit WordPress\u00ae<\/span><\/h3>\n<\/li>\n<li>\n<h3><span style=\"color: #999999;\">Contentmanangment CSS mit WordPress\u00ae<\/span><\/h3>\n<\/li>\n<\/ul>\n<\/li>\n<\/ul>\n<h3 style=\"padding-left: 330px;\"><span style=\"color: #999999;\">&nbsp; u. a. m.<\/span><\/h3>\n<h3><span style=\"color: #999999;\">&nbsp;<\/span><\/h3>\n<h3><span style=\"color: #ffffff;\">Fragen Sie einfach nach, wir finden das f\u00fcr Sie passende berufliche Fortbildungsprogramm.<\/span><\/h3>\n<p>&nbsp;<\/p>\n<p>&nbsp;<\/p>\n","protected":false},"excerpt":{"rendered":"<p>Sie m\u00f6chten sich oder ihre Mitarbeiter schulen? Sie sind interessiert daran, Medien inhouse zu erstellen? Sie suchen einen Einstieg in die Welt hinter der Kamera? Sie w\u00fcrden gerne ihre eigene Webseite erstellen? Sie w\u00fcssten gerne wie man Filme schneidet und ver\u00f6ffentlicht? &nbsp; Unser Ansatz: Betriebliche Schulungen in Gruppen oder im Einzeltraining. Wir schulen Sie und [&hellip;]<\/p>\n","protected":false},"author":1,"featured_media":0,"parent":0,"menu_order":0,"comment_status":"closed","ping_status":"closed","template":"","meta":{"om_disable_all_campaigns":false,"_monsterinsights_skip_tracking":false,"_monsterinsights_sitenote_active":false,"_monsterinsights_sitenote_note":"","_monsterinsights_sitenote_category":0,"footnotes":""},"class_list":["post-242","page","type-page","status-publish","hentry"],"aioseo_notices":[],"_links":{"self":[{"href":"https:\/\/www.creationplus.de\/index.php?rest_route=\/wp\/v2\/pages\/242","targetHints":{"allow":["GET"]}}],"collection":[{"href":"https:\/\/www.creationplus.de\/index.php?rest_route=\/wp\/v2\/pages"}],"about":[{"href":"https:\/\/www.creationplus.de\/index.php?rest_route=\/wp\/v2\/types\/page"}],"author":[{"embeddable":true,"href":"https:\/\/www.creationplus.de\/index.php?rest_route=\/wp\/v2\/users\/1"}],"replies":[{"embeddable":true,"href":"https:\/\/www.creationplus.de\/index.php?rest_route=%2Fwp%2Fv2%2Fcomments&post=242"}],"version-history":[{"count":20,"href":"https:\/\/www.creationplus.de\/index.php?rest_route=\/wp\/v2\/pages\/242\/revisions"}],"predecessor-version":[{"id":413,"href":"https:\/\/www.creationplus.de\/index.php?rest_route=\/wp\/v2\/pages\/242\/revisions\/413"}],"wp:attachment":[{"href":"https:\/\/www.creationplus.de\/index.php?rest_route=%2Fwp%2Fv2%2Fmedia&parent=242"}],"curies":[{"name":"wp","href":"https:\/\/api.w.org\/{rel}","templated":true}]}}